{"id":7,"date":"2024-02-20T11:00:49","date_gmt":"2024-02-20T11:00:49","guid":{"rendered":"https:\/\/boring-meninsky.194-143-202-60.plesk.page\/?page_id=7"},"modified":"2024-02-21T10:05:06","modified_gmt":"2024-02-21T10:05:06","slug":"aviso-legal","status":"publish","type":"page","link":"https:\/\/petanqueleague.com\/index.php\/aviso-legal\/","title":{"rendered":"Aviso Legal"},"content":{"rendered":"\t\t<div data-elementor-type=\"wp-page\" data-elementor-id=\"7\" class=\"elementor elementor-7\" data-elementor-post-type=\"page\">\n\t\t\t\t<div class=\"elementor-element elementor-element-764d05e e-flex e-con-boxed e-con e-parent\" data-id=\"764d05e\" data-element_type=\"container\" data-settings=\"{&quot;background_background&quot;:&quot;gradient&quot;}\" data-core-v316-plus=\"true\">\n\t\t\t\t\t<div class=\"e-con-inner\">\n\t\t\t\t<div class=\"elementor-element elementor-element-4e658e7 elementor-widget elementor-widget-image\" data-id=\"4e658e7\" data-element_type=\"widget\" data-widget_type=\"image.default\">\n\t\t\t\t<div class=\"elementor-widget-container\">\n\t\t\t<style>\/*! elementor - v3.20.0 - 13-03-2024 *\/\n.elementor-widget-image{text-align:center}.elementor-widget-image a{display:inline-block}.elementor-widget-image a img[src$=\".svg\"]{width:48px}.elementor-widget-image img{vertical-align:middle;display:inline-block}<\/style>\t\t\t\t\t\t\t\t\t\t<img decoding=\"async\" width=\"105\" height=\"100\" src=\"https:\/\/petanqueleague.com\/wp-content\/uploads\/2024\/02\/logotipopeq.png\" class=\"attachment-large size-large wp-image-25\" alt=\"\" \/>\t\t\t\t\t\t\t\t\t\t\t\t\t<\/div>\n\t\t\t\t<\/div>\n\t\t\t\t<div class=\"elementor-element elementor-element-7c7d865 elementor-widget elementor-widget-image\" data-id=\"7c7d865\" data-element_type=\"widget\" data-widget_type=\"image.default\">\n\t\t\t\t<div class=\"elementor-widget-container\">\n\t\t\t\t\t\t\t\t\t\t\t\t\t<img fetchpriority=\"high\" decoding=\"async\" width=\"617\" height=\"115\" src=\"https:\/\/petanqueleague.com\/wp-content\/uploads\/2024\/02\/textointro.png\" class=\"attachment-full size-full wp-image-49\" alt=\"\" srcset=\"https:\/\/petanqueleague.com\/wp-content\/uploads\/2024\/02\/textointro.png 617w, https:\/\/petanqueleague.com\/wp-content\/uploads\/2024\/02\/textointro-300x56.png 300w\" sizes=\"(max-width: 617px) 100vw, 617px\" \/>\t\t\t\t\t\t\t\t\t\t\t\t\t<\/div>\n\t\t\t\t<\/div>\n\t\t\t\t\t<\/div>\n\t\t\t\t<\/div>\n\t\t<div class=\"elementor-element elementor-element-5659092 e-flex e-con-boxed e-con e-parent\" data-id=\"5659092\" data-element_type=\"container\" data-core-v316-plus=\"true\">\n\t\t\t\t\t<div class=\"e-con-inner\">\n\t\t\t\t<div class=\"elementor-element elementor-element-928385a elementor-widget elementor-widget-text-editor\" data-id=\"928385a\" data-element_type=\"widget\" data-widget_type=\"text-editor.default\">\n\t\t\t\t<div class=\"elementor-widget-container\">\n\t\t\t<style>\/*! elementor - v3.20.0 - 13-03-2024 *\/\n.elementor-widget-text-editor.elementor-drop-cap-view-stacked .elementor-drop-cap{background-color:#69727d;color:#fff}.elementor-widget-text-editor.elementor-drop-cap-view-framed .elementor-drop-cap{color:#69727d;border:3px solid;background-color:transparent}.elementor-widget-text-editor:not(.elementor-drop-cap-view-default) .elementor-drop-cap{margin-top:8px}.elementor-widget-text-editor:not(.elementor-drop-cap-view-default) .elementor-drop-cap-letter{width:1em;height:1em}.elementor-widget-text-editor .elementor-drop-cap{float:left;text-align:center;line-height:1;font-size:50px}.elementor-widget-text-editor .elementor-drop-cap-letter{display:inline-block}<\/style>\t\t\t\t<h2>Aviso legal y pol\u00edtica de privacidad<\/h2><ol><li>Informaci\u00f3n legal<ul><li>En cumplimiento del art\u00edculo 10 de la Ley 34\/2002, de 11 de julio, de servicios de la sociedad de la informaci\u00f3n y de comercio electr\u00f3nico (LSSICE) presentamos la siguiente informaci\u00f3n:<p>Su denominaci\u00f3n social es: MOVILIDAPP IBERICA, S.L.<br \/>Su NIF es: B-99351314<br \/>Su domicilio social est\u00e1 en: C\/ Doctor Fleming 5 C 2\u00ba Dcha. 50004, Zaragoza, Espa\u00f1a.<br \/>Inscrito en el REGISTO MERCANTIL DE ZARAGOZA, TOMO: 2825, FOLIO 34, HOJA 0<br \/>Para comunicarse con nosotros, ponemos a su disposici\u00f3n diferentes medios de contacto que detallamos a continuaci\u00f3n:<br \/>Tfno: 976 39 27 28<br \/>Email:\u00a0<span style=\"color: #0000ff;\"><a style=\"color: #0000ff;\" href=\"mailto:info@quelinka.com\">info@quelinka.com<\/a><\/span><\/p><\/li><\/ul><\/li><li>Protecci\u00f3n de datos<ul><li>Completando el formulario de registro o de contacto, enviando un correo electr\u00f3nico o llamando por tel\u00e9fono, sus datos personales pasar\u00e1n a ser responsabilidad de la empresa cuyos datos se relacionan en el apartado Informaci\u00f3n Legal.<\/li><li>Estos datos se utilizan para responder a su solicitud o consulta a la mayor brevedad posible comunic\u00e1ndonos comercialmente y ofreciendo nuestros servicios porque usted nos los proporciona informada y libremente con esas finalidades.<\/li><\/ul><p>Si usted nos proporciona un curr\u00edculum sus datos se utilizar\u00e1n para incorporarlo a presentes y futuros procesos selectivos en nuestra empresa y para comunicarnos con usted incluso por medios electr\u00f3nicos en relaci\u00f3n con su candidatura.<\/p><p>Para otros tratamientos o finalidades relacionados con la prestaci\u00f3n de nuestros servicios o el desarrollo de nuestra actividad, usted puede solicitar m\u00e1s informaci\u00f3n en nuestra direcci\u00f3n de contacto.<\/p><ul><li>Los datos personales recogidos en nuestra p\u00e1gina web son tratados cumpliendo con las exigencias del Reglamento (UE) 2016\/679 del Parlamento Europeo y del Consejo, de 27 de abril de 2016, relativo a la protecci\u00f3n de las personas f\u00edsicas en lo que respecta al tratamiento de datos personales y a la libre circulaci\u00f3n de estos datos.<\/li><li>As\u00ed mismo, garantizamos que los datos personales son tratados de manera l\u00edcita, leal y transparente, y son recogidos con fines determinados, expl\u00edcitos y leg\u00edtimos, manteni\u00e9ndose limitados a dichos fines y actualizados si fuera necesario. No se permitir\u00e1 la identificaci\u00f3n de los interesados durante m\u00e1s tiempo del necesario y se garantizar\u00e1 su seguridad mediante las medidas t\u00e9cnicas y organizativas adecuadas.<\/li><li>Una vez los datos no sean necesarios para los fines con los que fueron recogidos, se conservar\u00e1n a disposici\u00f3n de las administraciones p\u00fablicas competentes durante los plazos legales de conservaci\u00f3n, es decir mientras una ley nos pueda exigir que los presentemos. Expirados estos plazos ser\u00e1n suprimidos.<\/li><li>No cedemos sus datos a terceros, pero como utilizamos los servicios de algunos proveedores en Estados Unidos le informamos de que algunos de sus datos de los que somos responsables pueden viajar a ese pa\u00eds, pero dentro del programa Privacy Shield de la Uni\u00f3n Europea y con las garant\u00edas adecuadas suscritas.<ul><li>Google Suite <span style=\"color: #0000ff;\">&#8211;\u00a0<a style=\"color: #0000ff;\" href=\"https:\/\/gsuite.google.es\/intl\/es\">https:\/\/gsuite.google.es\/intl\/es<\/a>\u00a0&#8211;<\/span><\/li><li>Mailchimp <span style=\"color: #0000ff;\">&#8211;\u00a0<a style=\"color: #0000ff;\" href=\"https:\/\/mailchimp.com\/legal\/privacy\/\">https:\/\/mailchimp.com\/legal\/privacy\/<\/a>\u00a0&#8211;<\/span><\/li><\/ul><\/li><li>Puede ejercer los derechos de acceso, rectificaci\u00f3n, supresi\u00f3n, oposici\u00f3n as\u00ed como los dem\u00e1s derechos que le otorga la normativa de protecci\u00f3n de datos sobre los datos de car\u00e1cter personal presentando una copia de un documento identificativo en Quelinka, Calle Mediod\u00eda 16, 50014 \u00b7 Zaragoza o en\u00a0<span style=\"color: #0000ff;\"><a style=\"color: #0000ff;\" href=\"mailto:info@quelinka.com\">info@quelinka.com<\/a><\/span><\/li><li>Puede encontrar m\u00e1s informaci\u00f3n sobre sus derechos o presentar una reclamaci\u00f3n ante la autoridad de control competente en la Agencia Espa\u00f1ola de Protecci\u00f3n de Datos<span style=\"color: #0000ff;\">\u00a0<a style=\"color: #0000ff;\" href=\"http:\/\/www.agpd.es\/\">http:\/\/www.agpd.es<\/a><\/span>\u00a0\u2013 C\/ Jorge Juan, 6. 28001 \u2013 Madrid (901 100 099 \u2013 912 663 517).<\/li><\/ul><\/li><li>Limitaci\u00f3n de Responsabilidades<ul><li>Quelinka proporciona el sitio web corporativo como medio de dar a conocer sus productos y servicios, y permitir el contacto con los clientes. La informaci\u00f3n de la p\u00e1gina web se presenta de modo meramente orientativo o divulgativo y en ning\u00fan momento ser\u00e1 considerada vinculante. Para la contrataci\u00f3n de los productos o servicios de la entidad se estar\u00e1 a lo dispuesto en presupuestos y contratos debidamente formalizados.<\/li><li>La entidad no se responsabiliza sobre los posibles da\u00f1os inform\u00e1ticos que pueda sufrir el usuario mientras visita nuestra p\u00e1gina web entendiendo que aquellos no puedan ser imputables a la entidad.<\/li><li>La entidad tampoco se responsabiliza del contenido de los sitios gestionados por terceros que se enlacen desde la p\u00e1gina web, as\u00ed mismo dichos enlaces no implicar\u00e1n la existencia de alg\u00fan tipo de relaci\u00f3n por parte de Quelinka con esos terceros.<\/li><\/ul><\/li><li>Propiedad Intelectual<ul><li>Todos los contenidos de esta p\u00e1gina web entendiendo como tales los textos, dibujos, gr\u00e1ficos, fotograf\u00edas, im\u00e1genes, v\u00eddeos, m\u00fasica, c\u00f3digo, el propio dise\u00f1o de la misma y cualquier otra creaci\u00f3n son propiedad de Quelinka o de sus respectivos titulares mediante la correspondiente licencia, autorizaci\u00f3n o cesi\u00f3n sobre los derechos y est\u00e1n protegidos en funci\u00f3n de la legislaci\u00f3n sobre la Propiedad Intelectual e Industrial.<\/li><li>En ning\u00fan caso se entender\u00e1 que la puesta a disposici\u00f3n del p\u00fablico de la p\u00e1gina web constituye renuncia, cesi\u00f3n o licencia de los derechos que Quelinka tiene sobre los contenidos de la misma.<\/li><li>Queda prohibido cualquier uso de los contenidos de nuestra p\u00e1gina web incluida la modificaci\u00f3n, copia, reproducci\u00f3n, transmisi\u00f3n, etc\u00e9tera sin la previa autorizaci\u00f3n por escrito de la entidad.<\/li><\/ul><\/li><\/ol>\t\t\t\t\t\t<\/div>\n\t\t\t\t<\/div>\n\t\t\t\t\t<\/div>\n\t\t\t\t<\/div>\n\t\t\t\t<\/div>\n\t\t","protected":false},"excerpt":{"rendered":"<p>Aviso legal y pol\u00edtica de privacidad Informaci\u00f3n legal En cumplimiento del art\u00edculo 10 de la Ley 34\/2002, de 11 de julio, de servicios de la sociedad de la informaci\u00f3n y de comercio electr\u00f3nico (LSSICE) presentamos la siguiente informaci\u00f3n: Su denominaci\u00f3n social es: MOVILIDAPP IBERICA, S.L.Su NIF es: B-99351314Su domicilio social est\u00e1 en: C\/ Doctor Fleming [&hellip;]<\/p>\n","protected":false},"author":1,"featured_media":0,"parent":0,"menu_order":0,"comment_status":"closed","ping_status":"closed","template":"elementor_canvas","meta":{"footnotes":""},"_links":{"self":[{"href":"https:\/\/petanqueleague.com\/index.php\/wp-json\/wp\/v2\/pages\/7"}],"collection":[{"href":"https:\/\/petanqueleague.com\/index.php\/wp-json\/wp\/v2\/pages"}],"about":[{"href":"https:\/\/petanqueleague.com\/index.php\/wp-json\/wp\/v2\/types\/page"}],"author":[{"embeddable":true,"href":"https:\/\/petanqueleague.com\/index.php\/wp-json\/wp\/v2\/users\/1"}],"replies":[{"embeddable":true,"href":"https:\/\/petanqueleague.com\/index.php\/wp-json\/wp\/v2\/comments?post=7"}],"version-history":[{"count":34,"href":"https:\/\/petanqueleague.com\/index.php\/wp-json\/wp\/v2\/pages\/7\/revisions"}],"predecessor-version":[{"id":62,"href":"https:\/\/petanqueleague.com\/index.php\/wp-json\/wp\/v2\/pages\/7\/revisions\/62"}],"wp:attachment":[{"href":"https:\/\/petanqueleague.com\/index.php\/wp-json\/wp\/v2\/media?parent=7"}],"curies":[{"name":"wp","href":"https:\/\/api.w.org\/{rel}","templated":true}]}}